{"id":1040,"date":"2021-08-27T15:31:11","date_gmt":"2021-08-27T12:31:11","guid":{"rendered":"http:\/\/www.alpagulogistic.com\/%d8%a3%d8%a8%d8%b9%d8%a7%d8%af-%d8%a7%d9%84%d8%ad%d8%a7%d9%88%d9%8a%d8%a9\/"},"modified":"2021-08-31T20:47:48","modified_gmt":"2021-08-31T17:47:48","slug":"%d8%a3%d8%a8%d8%b9%d8%a7%d8%af-%d8%a7%d9%84%d8%ad%d8%a7%d9%88%d9%8a%d8%a9","status":"publish","type":"page","link":"https:\/\/www.alpagulogistic.com\/ar\/%d8%a3%d8%a8%d8%b9%d8%a7%d8%af-%d8%a7%d9%84%d8%ad%d8%a7%d9%88%d9%8a%d8%a9\/","title":{"rendered":"\u0623\u0628\u0639\u0627\u062f \u0627\u0644\u062d\u0627\u0648\u064a\u0629"},"content":{"rendered":"<h1>20&#8217;Dc Konteyner<\/h1>\n<table class=\"table table-striped\">\n<thead><\/thead>\n<tbody>\n<tr>\n<td>Uzunluk<\/td>\n<td>5,897 mm<\/td>\n<td>19 ft 4.17 in<\/td>\n<\/tr>\n<tr>\n<td>Geni\u015flik<\/td>\n<td>2,348 mm<\/td>\n<td>7 ft 8.44 in<\/td>\n<\/tr>\n<tr>\n<td>Y\u00fckseklik<\/td>\n<td>2,390 mm<\/td>\n<td>7 ft 9.90 in<\/td>\n<\/tr>\n<tr>\n<td class=\"info\">Kap\u0131 A\u00e7\u0131l\u0131\u015f\u0131<\/td>\n<\/tr>\n<tr>\n<td>Geni\u015flik<\/td>\n<td>2,336 mm<\/td>\n<td>7 ft 8.01 in<\/td>\n<\/tr>\n<tr>\n<td>Y\u00fckseklik<\/td>\n<td>2,280 mm<\/td>\n<td>7 ft 5.45 in<\/td>\n<\/tr>\n<tr>\n<td class=\"info\">A\u011f\u0131rl\u0131k<\/td>\n<\/tr>\n<tr>\n<td>Max Br\u00fct<\/td>\n<td>30,480 kg (24,000 kg)<\/td>\n<td>67,200 lb (52,910 lb)<\/td>\n<\/tr>\n<tr>\n<td>Dara<\/td>\n<td>2,240 kg (2,290 kg)<\/td>\n<td>4,940 lb (5,050 lb)<\/td>\n<\/tr>\n<tr>\n<td>Max Y\u00fckleme<\/td>\n<td>28,240 kg (21,710 kg)<\/td>\n<td>62,260 lb (47,860 lb)<\/td>\n<\/tr>\n<tr>\n<td>Y\u00fckleme Hacmi<\/td>\n<td>33.0 metre k\u00fcp<\/td>\n<td>1,169 feet k\u00fcp<\/td>\n<\/tr>\n<\/tbody>\n<\/table>\n<h1>40&#8242; High Cube Konteyner<\/h1>\n<table class=\"table table-striped\">\n<thead><\/thead>\n<tbody>\n<tr>\n<td>Uzunluk<\/td>\n<td>12,031 mm<\/td>\n<td>39 ft 5.66 in<\/td>\n<\/tr>\n<tr>\n<td>Geni\u015flik<\/td>\n<td>2,348 mm<\/td>\n<td>7 ft 8.44 in<\/td>\n<\/tr>\n<tr>\n<td>Y\u00fckseklik<\/td>\n<td>2,695 mm<\/td>\n<td>8 ft 10.12 in<\/td>\n<\/tr>\n<tr>\n<td class=\"info\">Kap\u0131 A\u00e7\u0131l\u0131\u015f\u0131<\/td>\n<\/tr>\n<tr>\n<td>Geni\u015flik<\/td>\n<td>2,336 mm<\/td>\n<td>7 ft 8.01 in<\/td>\n<\/tr>\n<tr>\n<td>Y\u00fckseklik<\/td>\n<td>2,585 mm<\/td>\n<td>8 ft 5.75 in<\/td>\n<\/tr>\n<tr>\n<td class=\"info\">A\u011f\u0131rl\u0131k<\/td>\n<\/tr>\n<tr>\n<td>Max Br\u00fct<\/td>\n<td>32,500 kg (30,480 kg)<\/td>\n<td>71,650 lb (67,200 lb)<\/td>\n<\/tr>\n<tr>\n<td>Dara<\/td>\n<td>3,940 kg (3,990 kg)<\/td>\n<td>8,690 lb (8,880 lb<\/td>\n<\/tr>\n<tr>\n<td>Max Y\u00fckleme<\/td>\n<td>28,560 kg (26,490 kg)<\/td>\n<td>62,960 lb (58,400 lb)<\/td>\n<\/tr>\n<tr>\n<td>Y\u00fckleme Hacmi<\/td>\n<td>76.0 metre k\u00fcp<\/td>\n<td>2,689 feet k\u00fcp(2,684)<\/td>\n<\/tr>\n<\/tbody>\n<\/table>\n<h1>20&#8242; Open-Top<\/h1>\n<table class=\"table table-striped\">\n<thead><\/thead>\n<tbody>\n<tr>\n<td>Uzunluk<\/td>\n<td>5,893 mm<\/td>\n<td>19 ft 4.21in<\/td>\n<\/tr>\n<tr>\n<td>Geni\u015flik<\/td>\n<td>2,346 mm<\/td>\n<td>7 ft 8.36 in<\/td>\n<\/tr>\n<tr>\n<td>Y\u00fckseklik<\/td>\n<td>2,384 mm<\/td>\n<td>7 ft 9.74 in<\/td>\n<\/tr>\n<tr>\n<td class=\"info\">Kap\u0131 A\u00e7\u0131l\u0131\u015f\u0131<\/td>\n<\/tr>\n<tr>\n<td>Geni\u015flik<\/td>\n<td>2,338 mm<\/td>\n<td>7 ft 8.05 in<\/td>\n<\/tr>\n<tr>\n<td>Y\u00fckseklik<\/td>\n<td>2,244 mm<\/td>\n<td>7 ft 4.35 in<\/td>\n<\/tr>\n<tr>\n<td class=\"info\">A\u011f\u0131rl\u0131k<\/td>\n<\/tr>\n<tr>\n<td>Max Br\u00fct<\/td>\n<td>30,480 kg (24,000 kg)<\/td>\n<td>67,200 lb (52,910 lb)<\/td>\n<\/tr>\n<tr>\n<td>Dara<\/td>\n<td>2,320 kg (2,450 kg)<\/td>\n<td>5,120 lb (5,400 lb)<\/td>\n<\/tr>\n<tr>\n<td>Max Y\u00fckleme<\/td>\n<td>28,160 kg (21,550 kg)<\/td>\n<td>62,080 lb (47,510 lb)<\/td>\n<\/tr>\n<tr>\n<td>Y\u00fckleme Hacmi<\/td>\n<td>33 metre k\u00fcp<\/td>\n<td>1,155 feet k\u00fcp<\/td>\n<\/tr>\n<\/tbody>\n<\/table>\n<h1>20&#8242; Reefer<\/h1>\n<table class=\"table table-striped\">\n<thead><\/thead>\n<tbody>\n<tr>\n<td>Uzunluk<\/td>\n<td>5,458 mm<\/td>\n<td>17 ft 10.76 in<\/td>\n<\/tr>\n<tr>\n<td>Geni\u015flik<\/td>\n<td>2,290 mm<\/td>\n<td>7 ft 6.16 in<\/td>\n<\/tr>\n<tr>\n<td>Y\u00fckseklik<\/td>\n<td>2,262 mm<\/td>\n<td>7 ft 5.06 in<\/td>\n<\/tr>\n<tr>\n<td class=\"info\">Kap\u0131 A\u00e7\u0131l\u0131\u015f\u0131<\/td>\n<\/tr>\n<tr>\n<td>Geni\u015flik<\/td>\n<td>2,290 mm<\/td>\n<td>7 ft 6.16 in<\/td>\n<\/tr>\n<tr>\n<td>Y\u00fckseklik<\/td>\n<td>2,267 mm<\/td>\n<td>7 ft 5.10 in<\/td>\n<\/tr>\n<tr>\n<td class=\"info\">A\u011f\u0131rl\u0131k<\/td>\n<\/tr>\n<tr>\n<td>Max Br\u00fct<\/td>\n<td>30,480 kg (24,000 kg)<\/td>\n<td>67,200 lb (52,910 lb)<\/td>\n<\/tr>\n<tr>\n<td>Dara<\/td>\n<td>3,120 kg (2,960 kg)<\/td>\n<td>6,880 lb (6,530 lb)<\/td>\n<\/tr>\n<tr>\n<td>Max Y\u00fckleme<\/td>\n<td>27,360 kg (21,040 kg)<\/td>\n<td>60,320 lb (46,380 lb)<\/td>\n<\/tr>\n<tr>\n<td>Y\u00fckleme Hacmi<\/td>\n<td>28.0 metre k\u00fcp<\/td>\n<td>1,000 feet k\u00fcp<\/td>\n<\/tr>\n<\/tbody>\n<\/table>\n<h1>20&#8242; Flatrack<\/h1>\n<table class=\"table table-striped\">\n<thead><\/thead>\n<tbody>\n<tr>\n<td class=\"info\">\u0130\u00e7 \u00d6l\u00e7\u00fcleri<\/td>\n<\/tr>\n<tr>\n<td>Uzunluk<\/td>\n<td>5,958 mm<\/td>\n<td>19 ft 4.17 in<\/td>\n<\/tr>\n<tr>\n<td>Geni\u015flik<\/td>\n<td>2,018 mm<\/td>\n<td>6 ft 7.45 in<\/td>\n<\/tr>\n<tr>\n<td>Y\u00fckseklik<\/td>\n<td>2,077 mm<\/td>\n<td>6 ft 9.77 in<\/td>\n<\/tr>\n<tr>\n<td>Max Br\u00fct<\/td>\n<td>30,480 kg<\/td>\n<td>67,200 lb<\/td>\n<\/tr>\n<tr>\n<td>Dara<\/td>\n<td>2,720 kg<\/td>\n<td>6,000 lb<\/td>\n<\/tr>\n<tr>\n<td>Max Y\u00fckleme<\/td>\n<td>27,760 kg<\/td>\n<td>62,120 lb<\/td>\n<\/tr>\n<tr>\n<td>Y\u00fckleme Hacmi<\/td>\n<td>25 metre k\u00fcp<\/td>\n<td>882 feet k\u00fcp<\/td>\n<\/tr>\n<\/tbody>\n<\/table>\n<h1>40&#8242; Open-Top<\/h1>\n<table class=\"table table-striped\">\n<thead><\/thead>\n<tbody>\n<tr>\n<td>Uzunluk<\/td>\n<td>12,032 mm<\/td>\n<td>39 ft 5.31in<\/td>\n<\/tr>\n<tr>\n<td>Geni\u015flik<\/td>\n<td>2,346 mm<\/td>\n<td>7 ft 8.36 in<\/td>\n<\/tr>\n<tr>\n<td>Y\u00fckseklik<\/td>\n<td>2,381 mm<\/td>\n<td>7 ft 9.74 in<\/td>\n<\/tr>\n<tr>\n<td class=\"info\">Kap\u0131 A\u00e7\u0131l\u0131\u015f\u0131<\/td>\n<\/tr>\n<tr>\n<td>Geni\u015flik<\/td>\n<td>2,338 mm<\/td>\n<td>7 ft 8.05 in<\/td>\n<\/tr>\n<tr>\n<td>Y\u00fckseklik<\/td>\n<td>2,244 mm<\/td>\n<td>7 ft 4.35 in<\/td>\n<\/tr>\n<tr>\n<td class=\"info\">A\u011f\u0131rl\u0131k<\/td>\n<\/tr>\n<tr>\n<td>Max Br\u00fct<\/td>\n<td>30,480 kg<\/td>\n<td>67,200 lb<\/td>\n<\/tr>\n<tr>\n<td>Dara<\/td>\n<td>4,120 kg<\/td>\n<td>9,080 lb<\/td>\n<\/tr>\n<tr>\n<td>Max Y\u00fckleme<\/td>\n<td>26,360 kg<\/td>\n<td>58,120 lb<\/td>\n<\/tr>\n<tr>\n<td>Y\u00fckleme Hacmi<\/td>\n<td>66 metre k\u00fcp<\/td>\n<td>2,346 feet k\u00fcp<\/td>\n<\/tr>\n<\/tbody>\n<\/table>\n<h1>40&#8242; Reefer<\/h1>\n<table class=\"table table-striped\">\n<thead><\/thead>\n<tbody>\n<tr>\n<td>Uzunluk<\/td>\n<td>11,587 mm<\/td>\n<td>38 ft 0.29 in<\/td>\n<\/tr>\n<tr>\n<td>Geni\u015flik<\/td>\n<td>2,290 mm<\/td>\n<td>7 ft 6.16 in<\/td>\n<\/tr>\n<tr>\n<td>Y\u00fckseklik<\/td>\n<td>2,539 mm<\/td>\n<td>8 ft 4.00 in<\/td>\n<\/tr>\n<tr>\n<td class=\"info\">Kap\u0131 A\u00e7\u0131l\u0131\u015f\u0131<\/td>\n<\/tr>\n<tr>\n<td>Geni\u015flik<\/td>\n<td>2,290 mm<\/td>\n<td>7 ft 6.16 in<\/td>\n<\/tr>\n<tr>\n<td>Y\u00fckseklik<\/td>\n<td>2,572 mm<\/td>\n<td>8 ft 5.40 in<\/td>\n<\/tr>\n<tr>\n<td class=\"info\">A\u011f\u0131rl\u0131k<\/td>\n<\/tr>\n<tr>\n<td>Max Br\u00fct<\/td>\n<td>34,000 kg (30,480 kg)<\/td>\n<td>74,960 lb (67,200 lb)<\/td>\n<\/tr>\n<tr>\n<td>Dara<\/td>\n<td>4,700 kg (4,800 kg)<\/td>\n<td>10,360 lb (10,580 lb)<\/td>\n<\/tr>\n<tr>\n<td>Max Y\u00fckleme<\/td>\n<td>29,300 kg (25,680 kg)<\/td>\n<td>74,960 lb (56,620 lb)<\/td>\n<\/tr>\n<tr>\n<td>Y\u00fckleme Hacmi<\/td>\n<td>67.0 metre k\u00fcp<\/td>\n<td>2,378 feet k\u00fcp<\/td>\n<\/tr>\n<\/tbody>\n<\/table>\n<h1>40&#8242; Flatrack<\/h1>\n<table class=\"table table-striped\">\n<thead><\/thead>\n<tbody>\n<tr>\n<td class=\"info\">\u0130\u00e7 \u00d6l\u00e7\u00fcleri<\/td>\n<\/tr>\n<tr>\n<td>Uzunluk<\/td>\n<td>11,986 mm<\/td>\n<td>39 ft 3.89 in<\/td>\n<\/tr>\n<tr>\n<td>Geni\u015flik<\/td>\n<td>2,236 mm<\/td>\n<td>7 ft 4.03 in<\/td>\n<\/tr>\n<tr>\n<td>Y\u00fckseklik<\/td>\n<td>1,968 mm<\/td>\n<td>6 ft 5.48 in<\/td>\n<\/tr>\n<tr>\n<td>Max Br\u00fct<\/td>\n<td>45,000 kg<\/td>\n<td>13,180 lb<\/td>\n<\/tr>\n<tr>\n<td>Dara<\/td>\n<td>5,980 kg<\/td>\n<td>7 ft 5.45 in<\/td>\n<\/tr>\n<tr>\n<td>Max Y\u00fckleme<\/td>\n<td>39,020 kg<\/td>\n<td>86,030 lb<\/td>\n<\/tr>\n<tr>\n<td>Y\u00fckleme Hacmi<\/td>\n<td>53 metre k\u00fcp<\/td>\n<td>1,862 feet k\u00fcp<\/td>\n<\/tr>\n<\/tbody>\n<\/table>\n","protected":false},"excerpt":{"rendered":"<p>20&#8217;Dc Konteyner Uzunluk 5,897 mm 19 ft 4.17 in Geni\u015flik 2,348 mm 7 ft 8.44 in Y\u00fckseklik 2,390 mm 7 ft 9.90 in Kap\u0131 A\u00e7\u0131l\u0131\u015f\u0131 Geni\u015flik 2,336 mm 7 ft 8.01 in Y\u00fckseklik 2,280 mm 7 ft 5.45 in A\u011f\u0131rl\u0131k Max Br\u00fct 30,480 kg (24,000 kg) 67,200 lb (52,910 lb) Dara 2,240 kg (2,290 kg)<\/p>\n","protected":false},"author":1,"featured_media":0,"parent":0,"menu_order":0,"comment_status":"closed","ping_status":"closed","template":"","meta":{"footnotes":""},"class_list":["post-1040","page","type-page","status-publish","hentry"],"_links":{"self":[{"href":"https:\/\/www.alpagulogistic.com\/ar\/wp-json\/wp\/v2\/pages\/1040","targetHints":{"allow":["GET"]}}],"collection":[{"href":"https:\/\/www.alpagulogistic.com\/ar\/wp-json\/wp\/v2\/pages"}],"about":[{"href":"https:\/\/www.alpagulogistic.com\/ar\/wp-json\/wp\/v2\/types\/page"}],"author":[{"embeddable":true,"href":"https:\/\/www.alpagulogistic.com\/ar\/wp-json\/wp\/v2\/users\/1"}],"replies":[{"embeddable":true,"href":"https:\/\/www.alpagulogistic.com\/ar\/wp-json\/wp\/v2\/comments?post=1040"}],"version-history":[{"count":0,"href":"https:\/\/www.alpagulogistic.com\/ar\/wp-json\/wp\/v2\/pages\/1040\/revisions"}],"wp:attachment":[{"href":"https:\/\/www.alpagulogistic.com\/ar\/wp-json\/wp\/v2\/media?parent=1040"}],"curies":[{"name":"wp","href":"https:\/\/api.w.org\/{rel}","templated":true}]}}