{"id":1309,"date":"2021-09-03T15:23:53","date_gmt":"2021-09-03T12:23:53","guid":{"rendered":"http:\/\/www.alpagulogistic.com\/tehlikeli-madde-kodlari\/"},"modified":"2021-09-04T02:15:04","modified_gmt":"2021-09-03T23:15:04","slug":"hazardous-material-codes","status":"publish","type":"page","link":"https:\/\/www.alpagulogistic.com\/en\/hazardous-material-codes\/","title":{"rendered":"Hazardous Material Codes"},"content":{"rendered":"<div>\n<p>Tehlikeli ve denizi kirletme riski olan maddelerin denizde ta\u015f\u0131ma yapan gemiler taraf\u0131ndan ta\u015f\u0131nmas\u0131 International Convention for the Safety of the Life at Sea (SOLAS) ve International Convention for the Prevention of pollution from Ships (MARPOL) taraf\u0131ndan d\u00fczenlenmektedir.<\/p>\n<p>SOLAS ve MARPOL\u2019un ilgili b\u00f6l\u00fcmlerinde International Maritime Dangerous Goods (IMDG) Code (Uluslararas\u0131 Denizcilik Tehlikeli Maddeler Y\u00f6netmeli\u011fi) gerekli d\u00fczenlemeler detayl\u0131 bir \u015fekilde a\u00e7\u0131klanm\u0131\u015f ve bu maddelerin deniz yoluyla ta\u015f\u0131nmas\u0131 konusunda kanun h\u00fckm\u00fcn\u00fc alm\u0131\u015flard\u0131r. 1 Ocak 2004 itibariyle IMDG Code zorunlu hale getirilmi\u015ftir.<\/p>\n<p>T\u00fcm ta\u015f\u0131ma tipleri i\u00e7in (deniz, hava, tren, kara ve i\u00e7 su yollar\u0131yla ta\u015f\u0131ma) tehlikeli maddelerin s\u0131n\u0131fland\u0131r\u0131lmas\u0131 ve risk tan\u0131mlar\u0131 da UNITED NATIONS Committee of Experts on the Transport of Dangerous Goods (UN) taraf\u0131ndan yap\u0131lmaktad\u0131r.<\/p>\n<p>Bu d\u00fczenlemeler dahilinde tan\u0131mlanan tehlikeli madde s\u0131n\u0131fland\u0131rmalar\u0131 a\u015fa\u011f\u0131daki gibidir.<\/p>\n<\/div>\n<table class=\"table table-striped\">\n<thead><\/thead>\n<tbody>\n<tr>\n<th class=\"success\"><span style=\"font-weight: 400;\">At\u0131k Kodu<\/span><\/th>\n<th class=\"success\"><span style=\"font-weight: 400;\">Tan\u0131m\u0131<\/span><\/th>\n<\/tr>\n<tr>\n<td>13 02 07*<\/td>\n<td>Yak\u0131t Filtreleri \/ Dizel Filtreler<\/td>\n<\/tr>\n<tr>\n<td>15 02 02*<\/td>\n<td>Ya\u011f Filtreleri (Kartu\u015f Filtreleri) \/ Silme Bezleri<\/td>\n<\/tr>\n<tr>\n<td>15 01 10*<\/td>\n<td>Ambalajlar<\/td>\n<\/tr>\n<tr>\n<td>16 01 03*<\/td>\n<td>\u00d6mr\u00fcn\u00fc tamamlam\u0131\u015f lastikler<\/td>\n<\/tr>\n<tr>\n<td>18 01 03*<\/td>\n<td>Enfeksiyonu \u00f6nlemek amac\u0131 ile toplanmalar\u0131 ve yok edilmeleri \u00f6zel i\u015flemlere tabi olan at\u0131k<\/td>\n<\/tr>\n<tr>\n<td>20 01 26*<\/td>\n<td>20 01 25 d\u0131\u015f\u0131ndaki (Yenilebilir Olmayan) s\u0131v\u0131 ve kat\u0131 ya\u011flar<\/td>\n<\/tr>\n<tr>\n<td>20 01 21*<\/td>\n<td>Ekonomik ampuller \/ Floresan t\u00fcpler \/ C\u0131val\u0131 lambalar<\/td>\n<\/tr>\n<tr>\n<td>16 06 01*<\/td>\n<td>Kur\u015funlu Piller<\/td>\n<\/tr>\n<tr>\n<td>08 03 17*<\/td>\n<td>Tehlikeli maddeler i\u00e7eren at\u0131k bask\u0131 tonerleri<\/td>\n<\/tr>\n<tr>\n<td>05 01 03*<\/td>\n<td>Tank dibi \u00e7amurlar\u0131<\/td>\n<\/tr>\n<tr>\n<td>08 01 11*<\/td>\n<td>Organik \u00e7\u00f6z\u00fcc\u00fcler ya da di\u011fer tehlikeli maddeler i\u00e7eren at\u0131k boya ve vernikler PCB \u0130\u00e7eren At\u0131klar<\/td>\n<\/tr>\n<tr>\n<td>07 02 14*<\/td>\n<td>Tehlikeli maddeler i\u00e7eren katk\u0131 maddelerinin at\u0131klar\u0131<\/td>\n<\/tr>\n<tr>\n<td>16 05 08*<\/td>\n<td>Tehlikeli maddeler i\u00e7eren ya da bunlardan olu\u015fan \u0131skarta organik kimyasallar<\/td>\n<\/tr>\n<\/tbody>\n<\/table>\n","protected":false},"excerpt":{"rendered":"<p>Tehlikeli ve denizi kirletme riski olan maddelerin denizde ta\u015f\u0131ma yapan gemiler taraf\u0131ndan ta\u015f\u0131nmas\u0131 International Convention for the Safety of the Life at Sea (SOLAS) ve International Convention for the Prevention of pollution from Ships (MARPOL) taraf\u0131ndan d\u00fczenlenmektedir. SOLAS ve MARPOL\u2019un ilgili b\u00f6l\u00fcmlerinde International Maritime Dangerous Goods (IMDG) Code (Uluslararas\u0131 Denizcilik Tehlikeli Maddeler Y\u00f6netmeli\u011fi) gerekli d\u00fczenlemeler<\/p>\n","protected":false},"author":1,"featured_media":0,"parent":0,"menu_order":0,"comment_status":"closed","ping_status":"closed","template":"","meta":{"footnotes":""},"class_list":["post-1309","page","type-page","status-publish","hentry"],"_links":{"self":[{"href":"https:\/\/www.alpagulogistic.com\/en\/wp-json\/wp\/v2\/pages\/1309","targetHints":{"allow":["GET"]}}],"collection":[{"href":"https:\/\/www.alpagulogistic.com\/en\/wp-json\/wp\/v2\/pages"}],"about":[{"href":"https:\/\/www.alpagulogistic.com\/en\/wp-json\/wp\/v2\/types\/page"}],"author":[{"embeddable":true,"href":"https:\/\/www.alpagulogistic.com\/en\/wp-json\/wp\/v2\/users\/1"}],"replies":[{"embeddable":true,"href":"https:\/\/www.alpagulogistic.com\/en\/wp-json\/wp\/v2\/comments?post=1309"}],"version-history":[{"count":0,"href":"https:\/\/www.alpagulogistic.com\/en\/wp-json\/wp\/v2\/pages\/1309\/revisions"}],"wp:attachment":[{"href":"https:\/\/www.alpagulogistic.com\/en\/wp-json\/wp\/v2\/media?parent=1309"}],"curies":[{"name":"wp","href":"https:\/\/api.w.org\/{rel}","templated":true}]}}