{"id":1310,"date":"2021-09-03T15:29:08","date_gmt":"2021-09-03T12:29:08","guid":{"rendered":"http:\/\/www.alpagulogistic.com\/tir-olculeri\/"},"modified":"2021-09-04T02:13:59","modified_gmt":"2021-09-03T23:13:59","slug":"truck-dimensions","status":"publish","type":"page","link":"https:\/\/www.alpagulogistic.com\/en\/truck-dimensions\/","title":{"rendered":"Truck Dimensions"},"content":{"rendered":"<div>\n<h2>T\u0131r \u00d6l\u00e7\u00fcleri<\/h2>\n<\/div>\n<table class=\"table table-striped\">\n<thead><\/thead>\n<tbody>\n<tr>\n<th class=\"success\"><span style=\"font-weight: 400;\">T\u00fcr<\/span><\/th>\n<th class=\"success\"><span style=\"font-weight: 400;\">\u00d6l\u00e7\u00fcleri<\/span><\/th>\n<th class=\"success\"><span style=\"font-weight: 400;\">Hacmi<\/span><\/th>\n<\/tr>\n<tr>\n<td>Tenteli T\u0131r<\/td>\n<td>13.60m X 2.42m X 2.40m<\/td>\n<td>79 m3<\/td>\n<\/tr>\n<tr>\n<td>Tenteli Mega T\u0131r<\/td>\n<td>13.60m X 2.47m X 3.00m<\/td>\n<td>100 m3<\/td>\n<\/tr>\n<tr>\n<td>Tenteli Optima T\u0131r<\/td>\n<td>13.60m X 2.72m X 2.45m<\/td>\n<td>90 m3<\/td>\n<\/tr>\n<tr>\n<td>Tenteli Maxima T\u0131r<\/td>\n<td>13.60m X 2.46m X 2.85m<\/td>\n<td>95 m3<\/td>\n<\/tr>\n<tr>\n<td>Tenteli Jumbo T\u0131r<\/td>\n<td>13.10m X 2.42m X 2.55m<\/td>\n<td>79 m3<\/td>\n<\/tr>\n<tr>\n<td>Kamyon R\u00f6mork T\u0131r<\/td>\n<td>(6.20m + 7.80m) X 2.42m X 2.50m<\/td>\n<td>110 m3<\/td>\n<\/tr>\n<tr>\n<td>Normal A\u00e7\u0131k T\u0131r<\/td>\n<td>+18 m X 2.44m<\/td>\n<td>m3<\/td>\n<\/tr>\n<tr>\n<td>Damperl\u0131 T\u0131r \u00d6l\u00e7\u00fcleri<\/td>\n<td>-m X -m X -m<\/td>\n<td>+25 m3<\/td>\n<\/tr>\n<tr>\n<td>Jumbo A\u00e7\u0131k T\u0131r<\/td>\n<td>+18 m X 2.44m<\/td>\n<td>m3<\/td>\n<\/tr>\n<tr>\n<td>Lowbed T\u0131r<\/td>\n<td>-m X -m X -m<\/td>\n<td>m3<\/td>\n<\/tr>\n<\/tbody>\n<\/table>\n","protected":false},"excerpt":{"rendered":"<p>T\u0131r \u00d6l\u00e7\u00fcleri T\u00fcr \u00d6l\u00e7\u00fcleri Hacmi Tenteli T\u0131r 13.60m X 2.42m X 2.40m 79 m3 Tenteli Mega T\u0131r 13.60m X 2.47m X 3.00m 100 m3 Tenteli Optima T\u0131r 13.60m X 2.72m X 2.45m 90 m3 Tenteli Maxima T\u0131r 13.60m X 2.46m X 2.85m 95 m3 Tenteli Jumbo T\u0131r 13.10m X 2.42m X 2.55m 79 m3 Kamyon<\/p>\n","protected":false},"author":1,"featured_media":0,"parent":0,"menu_order":0,"comment_status":"closed","ping_status":"closed","template":"","meta":{"footnotes":""},"class_list":["post-1310","page","type-page","status-publish","hentry"],"_links":{"self":[{"href":"https:\/\/www.alpagulogistic.com\/en\/wp-json\/wp\/v2\/pages\/1310","targetHints":{"allow":["GET"]}}],"collection":[{"href":"https:\/\/www.alpagulogistic.com\/en\/wp-json\/wp\/v2\/pages"}],"about":[{"href":"https:\/\/www.alpagulogistic.com\/en\/wp-json\/wp\/v2\/types\/page"}],"author":[{"embeddable":true,"href":"https:\/\/www.alpagulogistic.com\/en\/wp-json\/wp\/v2\/users\/1"}],"replies":[{"embeddable":true,"href":"https:\/\/www.alpagulogistic.com\/en\/wp-json\/wp\/v2\/comments?post=1310"}],"version-history":[{"count":0,"href":"https:\/\/www.alpagulogistic.com\/en\/wp-json\/wp\/v2\/pages\/1310\/revisions"}],"wp:attachment":[{"href":"https:\/\/www.alpagulogistic.com\/en\/wp-json\/wp\/v2\/media?parent=1310"}],"curies":[{"name":"wp","href":"https:\/\/api.w.org\/{rel}","templated":true}]}}