{"id":1312,"date":"2021-09-03T15:32:25","date_gmt":"2021-09-03T12:32:25","guid":{"rendered":"http:\/\/www.alpagulogistic.com\/feeder-hizmeti\/"},"modified":"2021-09-13T11:45:57","modified_gmt":"2021-09-13T08:45:57","slug":"feeder-service","status":"publish","type":"page","link":"https:\/\/www.alpagulogistic.com\/en\/feeder-service\/","title":{"rendered":"Feeder Service"},"content":{"rendered":"<p><strong>Alpagu Logistic Feeder Hizmeti Hakk\u0131nda Bilgi<\/strong><\/p>\n<p>Feeder hizmeti en k\u0131sa tan\u0131m\u0131yla ebat olarak b\u00fcy\u00fck olan deniz gemilerinden k\u00fc\u00e7\u00fck boyutta olan deniz gemisine ya da mavnalara mal teslimi yap\u0131lmas\u0131 olay\u0131 olarak a\u00e7\u0131klanabilir.<\/p>\n<p><strong>Feeder Hizmeti Nedir?<\/strong><\/p>\n<p>Feeder hizmetleri demek b\u00fcy\u00fck olan deniz gemisinin mavya ya da k\u00fc\u00e7\u00fck olan deniz gemilerine ya da bu olay\u0131n tam tersi ya\u015fand\u0131\u011f\u0131 zaman mallar\u0131n al\u0131m\u0131 ya da teslim edilmesi i\u015flemi olarak tan\u0131mlanabilir. B\u00fcy\u00fck olan gemilerden direkt olarak servis yap\u0131labilmesi \u00e7o\u011fu zaman m\u00fcmk\u00fcn olmaz. Alpagu Logistic, y\u0131llard\u0131r bu hizmeti en iyi \u015fekilde s\u00fcrd\u00fcrmektedir. Deneyimli bir firma olmas\u0131n\u0131n yan\u0131 s\u0131ra <strong>feeder hizmeti<\/strong> i\u015flerini de her zaman \u00f6zenli bir \u015fekilde ger\u00e7ekle\u015ftirir.<\/p>\n<p><strong>Alpagu Logistic Hakk\u0131nda Bilgi<\/strong><\/p>\n<p>Alpagu Logistic, deniz ta\u015f\u0131mac\u0131l\u0131\u011f\u0131 alan\u0131nda y\u0131llarca deneyimli bit \u015fekilde hizmet vermektedir. Tecr\u00fcbesi yapt\u0131\u011f\u0131 her i\u015f ya da hizmette g\u00f6r\u00fcl\u00fcr. Deniz ile ilgili her t\u00fcrl\u00fc faaliyet, feeder hizmetleri ad\u0131 verilen faaliyetler, deniz \u00fczerinden ta\u015f\u0131nmas\u0131 gereken kargo gibi y\u00fckleri ta\u015f\u0131nmas\u0131n\u0131 sa\u011flayan, limana gelmekte olan gemilerin bo\u015faltmas\u0131n\u0131 ve daha sonra y\u00fckleme i\u015flemlerini ger\u00e7ekle\u015ftiren bir firma olarak bilinmektedir.<\/p>\n<p>Arac\u0131n tahliye edilmesi, y\u00fcklerin y\u00fcklenmesi ve daha sonra indirilmesi, gidecek yere ula\u015fmas\u0131 da yine Alpagu Logistic hizmetleri aras\u0131nda yer al\u0131r. Y\u0131llar ge\u00e7tik\u00e7e yenilik\u00e7i hizmetler sunmaya devam etmi\u015ftir. M\u00fc\u015fterilere ise h\u0131zl\u0131 bir \u015fekilde ve g\u00fcvenilir hizmeti sunmaya y\u0131llardan beri devam etmektedir. Alpagu Logistic yaln\u0131zca denizyolu ta\u015f\u0131mac\u0131l\u0131\u011f\u0131 de\u011fil demiryolu ya da karayolu gibi yerlerde de ta\u015f\u0131ma ve nakliyat i\u015flemi ger\u00e7ekle\u015ftirmektedir. K\u0131talararas\u0131nda da hizmet vermekte ve bu i\u015flemleri kaliteli bir \u015fekilde yerine getirmektedir.<\/p>\n<p><strong>Alpagu Logistic Feeder Hizmeti Hakk\u0131nda Bilgi<\/strong><\/p>\n<p>Feeder kelime anlam\u0131 olarak oyun i\u00e7erisinde olan kar\u015f\u0131 rakibe bilerek olmasa dahi rakip kendisinden g\u00fc\u00e7l\u00fc ise s\u00fcrekli bir \u015fekilde sava\u015f halinde olunup \u00f6lmek anlam\u0131n\u0131 ta\u015f\u0131r. Feeder olan konteyner gemisi ise b\u00fcy\u00fck olan konteyner gemisinin yana\u015fmas\u0131n\u0131n m\u00fcmk\u00fcn olmad\u0131\u011f\u0131 ya da yeterli say\u0131da y\u00fck olmad\u0131\u011f\u0131 zaman liman aras\u0131nda konteynerlerin transfer i\u015flemini sa\u011flayan gemiler olarak tan\u0131mlanabilir. Feeder i\u015flemi deniz ta\u015f\u0131mac\u0131l\u0131\u011f\u0131 aras\u0131nda \u00e7ok duyulan ve bilinen bir terim olarak bilinir. Bunun yan\u0131 s\u0131ra pek \u00e7ok terim de yer almaktad\u0131r. K\u0131saltmalar ve bilinmesi gereken kelimelerin anlam\u0131 denizcilik alan\u0131nda \u00f6nem arz eden durumlar olarak bilinir. Alpagu Logistic de feeder hizmetini eksiksiz ve sorunsuz bir bi\u00e7imde, bunun yan\u0131 s\u0131ra y\u0131llard\u0131r gelen deneyimi ile birlikte kaliteli bir \u015fekilde s\u00fcrd\u00fcren bir firmad\u0131r.<\/p>\n<p>&nbsp;<\/p>\n","protected":false},"excerpt":{"rendered":"<p>Alpagu Logistic Feeder Hizmeti Hakk\u0131nda Bilgi Feeder hizmeti en k\u0131sa tan\u0131m\u0131yla ebat olarak b\u00fcy\u00fck olan deniz gemilerinden k\u00fc\u00e7\u00fck boyutta olan deniz gemisine ya da mavnalara mal teslimi yap\u0131lmas\u0131 olay\u0131 olarak a\u00e7\u0131klanabilir. Feeder Hizmeti Nedir? Feeder hizmetleri demek b\u00fcy\u00fck olan deniz gemisinin mavya ya da k\u00fc\u00e7\u00fck olan deniz gemilerine ya da bu olay\u0131n tam tersi ya\u015fand\u0131\u011f\u0131<\/p>\n","protected":false},"author":1,"featured_media":0,"parent":0,"menu_order":0,"comment_status":"closed","ping_status":"closed","template":"","meta":{"footnotes":""},"class_list":["post-1312","page","type-page","status-publish","hentry"],"_links":{"self":[{"href":"https:\/\/www.alpagulogistic.com\/en\/wp-json\/wp\/v2\/pages\/1312","targetHints":{"allow":["GET"]}}],"collection":[{"href":"https:\/\/www.alpagulogistic.com\/en\/wp-json\/wp\/v2\/pages"}],"about":[{"href":"https:\/\/www.alpagulogistic.com\/en\/wp-json\/wp\/v2\/types\/page"}],"author":[{"embeddable":true,"href":"https:\/\/www.alpagulogistic.com\/en\/wp-json\/wp\/v2\/users\/1"}],"replies":[{"embeddable":true,"href":"https:\/\/www.alpagulogistic.com\/en\/wp-json\/wp\/v2\/comments?post=1312"}],"version-history":[{"count":0,"href":"https:\/\/www.alpagulogistic.com\/en\/wp-json\/wp\/v2\/pages\/1312\/revisions"}],"wp:attachment":[{"href":"https:\/\/www.alpagulogistic.com\/en\/wp-json\/wp\/v2\/media?parent=1312"}],"curies":[{"name":"wp","href":"https:\/\/api.w.org\/{rel}","templated":true}]}}