{"id":1313,"date":"2021-09-03T15:34:51","date_gmt":"2021-09-03T12:34:51","guid":{"rendered":"http:\/\/www.alpagulogistic.com\/depolama-dagitim\/"},"modified":"2021-09-13T11:37:26","modified_gmt":"2021-09-13T08:37:26","slug":"warehousing-distribution","status":"publish","type":"page","link":"https:\/\/www.alpagulogistic.com\/en\/warehousing-distribution\/","title":{"rendered":"Warehousing &#038; Distribution"},"content":{"rendered":"<p><strong>Alpagu Logistic Depolama Ve Da\u011f\u0131t\u0131m Hizmetleri Hakk\u0131nda Bilgi<\/strong><\/p>\n<p>Alpagu Logistic, liman hizmeti alan\u0131nda denizyolu ta\u015f\u0131mac\u0131l\u0131\u011f\u0131 yard\u0131m\u0131 ile faaliyet s\u00fcrd\u00fcren bir firma olarak tan\u0131mlanabilir. Gemilerin bo\u015faltma ve y\u00fckleme i\u015flemlerini gemi ve gerekti\u011fi zamanlarda sahil vinci ile ger\u00e7ekle\u015ftirmektedir. M\u00fc\u015fterilerine de liman i\u015flerinin hizmetini sunabilen bir firma olarak bilinir. Bunun yan\u0131 s\u0131ra y\u00fcklerin araca y\u00fcklenmesi ve arac\u0131n tahliyesini sa\u011flama gibi liman hizmetlerini de sundu\u011fu bilinen Alpagu Logistic, m\u00fc\u015fterinin memnun olmas\u0131n\u0131 tecr\u00fcbe ve profesyonellik ile sa\u011flamay\u0131 ba\u015farm\u0131\u015ft\u0131r. M\u00fc\u015fterilerinin g\u00fcvenini y\u0131llard\u0131r s\u00fcregelen deneyimi ile ko\u015fulsuz bir \u015fekilde g\u00fcvene ba\u011flam\u0131\u015ft\u0131r.<\/p>\n<p>&nbsp;<\/p>\n<p><strong>Alpagu Logistic Depolama Hizmetleri<\/strong><\/p>\n<p>Nakli i\u015flemlerde ya da nakliyat sekt\u00f6r\u00fc i\u00e7erisinde kaliteyi en \u00fcst seviyede tutan bir firma olarak tan\u0131mlanabilir. T\u00fcrkiye&#8217;nin her il ve her il\u00e7esine nakliyat i\u015flemini sa\u011flayan bir firmad\u0131r. Sadece il ve il\u00e7e de\u011fil kasaba ve k\u00f6y gibi yerlere de nakliyat i\u015flemlerini sa\u011flar. M\u00fc\u015fteri memnuniyeti, firma i\u00e7erisinde en \u00e7ok \u00f6nem ta\u015f\u0131yan konular aras\u0131nda yer al\u0131r. Y\u0131l\u0131n her mevsiminde ve her hava \u015fart\u0131 ya da ko\u015fulunda nakliyat i\u015flemlerini ger\u00e7ekle\u015ftiren bir firmad\u0131r. Teslimat\u0131n\u0131 zaman\u0131nda yapar ve b\u00f6ylelikle m\u00fc\u015fterilerinin de g\u00fcvenini kazanmay\u0131 ba\u015farm\u0131\u015ft\u0131r. G\u00fcvenli bir ta\u015f\u0131ma hizmeti sunmas\u0131n\u0131n yan\u0131 s\u0131ra nakliyat\u0131 sa\u011flanan her hizmet kaliteli bir \u015fekilde ger\u00e7ekle\u015ftirmektedir.<\/p>\n<p>&nbsp;<\/p>\n<p><strong>Alpagu Logistic Da\u011f\u0131t\u0131m Hizmetleri Hakk\u0131nda Bilgi<\/strong><\/p>\n<p>Nakil i\u015flemlerinin depoda paketleme i\u015fleminden sonra gidece\u011fi yere y\u00f6nlendirme i\u015flemi ba\u015flam\u0131\u015f olur. Bu <strong>depolama ve da\u011f\u0131t\u0131m hizmetleri<\/strong> Alpagu Logistic \u00e7er\u00e7evesinde kaliteli bir \u015fekilde meydana getirir. Geni\u015f bir \u00e7al\u0131\u015fma a\u011f\u0131 bulunan ve ayn\u0131 zamanda profesyonel bir \u015fekilde \u00e7al\u0131\u015fanlar\u0131n olmas\u0131, deneyim ve e\u015fsiz tecr\u00fcbeyi de beraberinde getirmi\u015ftir. Nakliyat i\u015flemleri da\u011f\u0131t\u0131m\u0131 beraberinde getirir. Nakli sa\u011flanan hizmet gitti\u011fi yere ula\u015ft\u0131rma ve da\u011f\u0131tma i\u015flemini sa\u011flar. Bu ta\u015f\u0131malar\u0131n sa\u011flanmas\u0131 i\u00e7in belli bir maliyet \u00f6denmesi gerekir.<\/p>\n<p>&nbsp;<\/p>\n<p>Firmalar i\u00e7erisinde bak\u0131ld\u0131\u011f\u0131 zaman Alpagu Logistic uygun fiyata kaliteli bir \u015fekilde hizmet veren bir firma olarak bilinir. Sorunlara ba\u011fl\u0131 olan ve sorunlar\u0131 \u00e7\u00f6zmeye fayda sa\u011flayan her t\u00fcrl\u00fc \u00e7\u00f6z\u00fcm\u00fc de m\u00fc\u015fterilerine sunan bir firma olarak bilinir. Karayolu ta\u015f\u0131mas\u0131n\u0131n olmas\u0131n\u0131n yan\u0131 s\u0131ra denizyolu ve havayolu gibi ta\u015f\u0131malar\u0131n da sa\u011fland\u0131\u011f\u0131 bir firmad\u0131r. \u0130kisini bir arada kullanarak da ta\u015f\u0131mac\u0131l\u0131k yapmak m\u00fcmk\u00fcnd\u00fcr.<\/p>\n<p>&nbsp;<\/p>\n","protected":false},"excerpt":{"rendered":"<p>Alpagu Logistic Depolama Ve Da\u011f\u0131t\u0131m Hizmetleri Hakk\u0131nda Bilgi Alpagu Logistic, liman hizmeti alan\u0131nda denizyolu ta\u015f\u0131mac\u0131l\u0131\u011f\u0131 yard\u0131m\u0131 ile faaliyet s\u00fcrd\u00fcren bir firma olarak tan\u0131mlanabilir. Gemilerin bo\u015faltma ve y\u00fckleme i\u015flemlerini gemi ve gerekti\u011fi zamanlarda sahil vinci ile ger\u00e7ekle\u015ftirmektedir. M\u00fc\u015fterilerine de liman i\u015flerinin hizmetini sunabilen bir firma olarak bilinir. Bunun yan\u0131 s\u0131ra y\u00fcklerin araca y\u00fcklenmesi ve arac\u0131n tahliyesini<\/p>\n","protected":false},"author":1,"featured_media":0,"parent":0,"menu_order":0,"comment_status":"closed","ping_status":"closed","template":"","meta":{"footnotes":""},"class_list":["post-1313","page","type-page","status-publish","hentry"],"_links":{"self":[{"href":"https:\/\/www.alpagulogistic.com\/en\/wp-json\/wp\/v2\/pages\/1313","targetHints":{"allow":["GET"]}}],"collection":[{"href":"https:\/\/www.alpagulogistic.com\/en\/wp-json\/wp\/v2\/pages"}],"about":[{"href":"https:\/\/www.alpagulogistic.com\/en\/wp-json\/wp\/v2\/types\/page"}],"author":[{"embeddable":true,"href":"https:\/\/www.alpagulogistic.com\/en\/wp-json\/wp\/v2\/users\/1"}],"replies":[{"embeddable":true,"href":"https:\/\/www.alpagulogistic.com\/en\/wp-json\/wp\/v2\/comments?post=1313"}],"version-history":[{"count":0,"href":"https:\/\/www.alpagulogistic.com\/en\/wp-json\/wp\/v2\/pages\/1313\/revisions"}],"wp:attachment":[{"href":"https:\/\/www.alpagulogistic.com\/en\/wp-json\/wp\/v2\/media?parent=1313"}],"curies":[{"name":"wp","href":"https:\/\/api.w.org\/{rel}","templated":true}]}}