{"id":1314,"date":"2021-09-03T15:37:48","date_gmt":"2021-09-03T12:37:48","guid":{"rendered":"http:\/\/www.alpagulogistic.com\/kara-tasimaciligi\/"},"modified":"2021-09-13T11:36:39","modified_gmt":"2021-09-13T08:36:39","slug":"land-freight","status":"publish","type":"page","link":"https:\/\/www.alpagulogistic.com\/en\/land-freight\/","title":{"rendered":"Land Freight"},"content":{"rendered":"<p><strong>Karayolu Ta\u015f\u0131mac\u0131l\u0131\u011f\u0131 Nas\u0131l Ger\u00e7ekle\u015fir?<\/strong><\/p>\n<p><strong>Karayolu ta\u015f\u0131mac\u0131l\u0131\u011f\u0131<\/strong> ile her t\u00fcrl\u00fc y\u00fck\u00fcn bir noktadan bir ba\u015fka noktaya ula\u015ft\u0131r\u0131lmas\u0131 yap\u0131l\u0131r. \u015eehir i\u00e7i ve \u015fehir d\u0131\u015f\u0131na olmak \u00fczere farkl\u0131 tip ta\u015f\u0131mac\u0131l\u0131k \u00e7al\u0131\u015fmalar\u0131 bulunur. Ta\u015f\u0131mac\u0131l\u0131k ihtiyac\u0131na sahip olan \u015fah\u0131s ve kurumlar\u0131n, profesyonel ta\u015f\u0131mac\u0131l\u0131k firmas\u0131 taraf\u0131ndan ula\u015ft\u0131r\u0131lmas\u0131 ger\u00e7ekle\u015ftirilmi\u015f olunur.<\/p>\n<p>Ta\u015f\u0131mac\u0131l\u0131k sekt\u00f6r\u00fcnde \u00e7ok fazla lojistik \u015firketleri bulunurken, do\u011fru lojistik elemanlar\u0131ndan destek almak \u00f6nemli hale gelmi\u015ftir. \u00c7\u00fcnk\u00fc Karayollar\u0131 \u00fczerinde nakliye edilecek olan e\u015fyalar\u0131n\u0131z\u0131n g\u00fcven i\u00e7erisinde g\u00f6t\u00fcr\u00fclmesi gerekir.<\/p>\n<p><strong>Karayolu Ta\u015f\u0131mac\u0131l\u0131\u011f\u0131 Yapan Firmalar<\/strong><\/p>\n<p>Karayolu ta\u015f\u0131mac\u0131l\u0131\u011f\u0131n\u0131 yapan firma sayesinde art\u0131k g\u00fcvenli olarak nakliye i\u015flerinin yap\u0131lmas\u0131n\u0131 sa\u011flam\u0131\u015f olursunuz. Standart \u00fcst\u00fc bir \u00e7al\u0131\u015fma prensibiyle Karayollar\u0131 \u00fczerinde nakliye \u00e7al\u0131\u015fmalar\u0131n\u0131n s\u00fcrd\u00fcr\u00fclmesi sa\u011flanm\u0131\u015f olur.<\/p>\n<p>Karayollar\u0131nda e\u015fya veya y\u00fcklerinizin ta\u015f\u0131nmas\u0131 konusunda profesyonel \u00e7\u00f6z\u00fcmler sunan nakliye firmas\u0131 sayesinde art\u0131k i\u015flerinizi pratik\u00e7e halledebilirsiniz. G\u00fcvenilir ekibi ve disiplinli bir \u00e7al\u0131\u015fma mant\u0131\u011f\u0131yla lojistik hizmetleri verilir. Y\u00fck ta\u015f\u0131ma konusunda alaca\u011f\u0131n\u0131z \u00fcst\u00fcn ta\u015f\u0131ma teknikleriyle art\u0131k y\u00fckleriniz sa\u011f salim ula\u015f\u0131lmas\u0131 gereken noktalara da teslim edilmi\u015f olur.<\/p>\n<p>Lojistik konusunda kendisini ispatlamay\u0131 ba\u015farm\u0131\u015f olan Alpagu Lojistik, lider \u00e7\u00f6z\u00fcmler sunarak e\u015fya ve y\u00fck nakliyesinin usul\u00fcne g\u00f6re ta\u015f\u0131mac\u0131l\u0131\u011f\u0131n yap\u0131lmas\u0131n\u0131 sa\u011flar.<\/p>\n<p><strong>Karayolu Ta\u015f\u0131mac\u0131l\u0131\u011f\u0131nda Profesyonel Hizmet \u00c7\u00f6z\u00fcm\u00fc<\/strong><\/p>\n<p>Karayolu ta\u015f\u0131mac\u0131l\u0131\u011f\u0131nda yararlanaca\u011f\u0131n\u0131z profesyonel \u00e7\u00f6z\u00fcmler sayesinde art\u0131k gereksinimlerinizin kolayca kar\u015f\u0131lanmas\u0131n\u0131 sa\u011flam\u0131\u015f olursunuz. Geni\u015f acenta deste\u011fi, sigortal\u0131, garantili bir ta\u015f\u0131mac\u0131l\u0131k anlay\u0131\u015f\u0131 ile art\u0131k ta\u015f\u0131mac\u0131l\u0131k hizmetlerinden daha emniyetli \u015fekilde yararlanmaya ba\u015flars\u0131n\u0131z.<\/p>\n<p>Karayollar\u0131n\u0131n dikkatli ve sorunsuz \u015fekilde kullan\u0131lmas\u0131 ve y\u00fcklerinde gecikmeden tam vaktinde ula\u015ft\u0131r\u0131lmas\u0131n\u0131 sa\u011flar. \u0130\u015fin ehli olan kadroyla adrese do\u011frudan teslim i\u015flemleri yap\u0131lmaya ba\u015flan\u0131r. Alpagu Lojistik kurumsal nakliye \u00e7al\u0131\u015fmalar\u0131n\u0131 ger\u00e7ekle\u015ftirirken, hizmetlerini \u015fu k\u0131staslar \u00fczerine s\u00fcrd\u00fcr\u00fcr;<\/p>\n<p>-Profesyonel \u00e7al\u0131\u015fma ruhu<\/p>\n<p>-Tam zamanl\u0131 adrese teslimat<\/p>\n<p>-Nakliye sigortas\u0131ndan yararlanma<\/p>\n<p>-Y\u00fcklerin zarar g\u00f6rmemesi i\u00e7in paketleme- ambalajlama<\/p>\n<p>-Ekonomik fiyatl\u0131 nakliye servisi<\/p>\n<p>-Ekpsres ta\u015f\u0131mac\u0131l\u0131k<\/p>\n<p>gibi yararlanabilece\u011finiz geni\u015f bir hizmet a\u011f\u0131na sahiptir. Kurumsal kimlik \u0131\u015f\u0131\u011f\u0131nda nakliye \u00e7al\u0131\u015fmalar\u0131n\u0131 y\u00fcr\u00fcten uzman ekipten destek alarak i\u015flerinizi yoluna koyabilirsiniz.<\/p>\n<p><strong>Karayolu Sigortal\u0131 Y\u00fck Ta\u015f\u0131mac\u0131l\u0131\u011f\u0131<\/strong><\/p>\n<p>Y\u00fcklerinizin ba\u015f\u0131na zarar gelmemesi ve kontroll\u00fc bir \u015fekilde ta\u015f\u0131mac\u0131l\u0131\u011f\u0131n ger\u00e7ekle\u015fmesini sa\u011flayabilirsiniz. Bu konuda tedbirli bir \u015fekilde nakliye hizmetlerinin yerine getirilmesini sa\u011flar. Her hafta boyunca da y\u00fck ta\u015f\u0131ma i\u015flerinin kurumsal firmalar taraf\u0131ndan en g\u00fczel \u015fekilde yerine getirilmesi sa\u011flanm\u0131\u015f olunur. Hem uluslararas\u0131 konusunda olsun hem de yurt i\u00e7i y\u00fcklemeler yap\u0131larak<strong> Karayolu ta\u015f\u0131mac\u0131l\u0131\u011f\u0131<\/strong> hizmetlerinin ger\u00e7ekle\u015fmesini sa\u011flar.<\/p>\n<p>Karayolu ta\u015f\u0131mac\u0131l\u0131\u011f\u0131 denildi\u011finde bir\u00e7ok noktada \u00fcst\u00fcn hizmetler devreye girer. Gabari ta\u015f\u0131mac\u0131l\u0131\u011f\u0131, e\u015fya ta\u015f\u0131mac\u0131l\u0131\u011f\u0131, y\u00fck ve ayn\u0131 zamanda da proje ta\u015f\u0131mac\u0131l\u0131\u011f\u0131 gibi konularda da hizmetler verilir. Buna g\u00f6re hangi konuda hizmet almak istiyor olursan\u0131z Karayolu ta\u015f\u0131mac\u0131l\u0131\u011f\u0131n\u0131 ger\u00e7ekle\u015ftiren profesyonel ekiple g\u00f6r\u00fc\u015fmenizi yapmal\u0131s\u0131n\u0131z.<\/p>\n<p><strong>Karayolu Ta\u015f\u0131mac\u0131l\u0131\u011f\u0131nda Lider Nakliyecilik!<\/strong><\/p>\n<p>Karayolu ta\u015f\u0131mac\u0131l\u0131\u011f\u0131nda lider nakliyecilik \u00f6rne\u011fi sunan Alpagu Lojistik, geli\u015fen teknolojiden de faydalanarak ta\u015f\u0131ma i\u015flerini yapar. Ta\u015f\u0131mac\u0131l\u0131\u011f\u0131n aksama olmadan do\u011fru \u015fekilde yap\u0131lmas\u0131n\u0131 sa\u011flayacak olan \u00f6zel ta\u015f\u0131ma ara\u00e7lar\u0131 kullan\u0131l\u0131r. Ayn\u0131 zamanda gerekli \u00f6n g\u00f6r\u00fcld\u00fc\u011f\u00fc anlarda \u00f6zel ekipman deste\u011fine ba\u015fvurulur. Seri bir \u015fekilde ta\u015f\u0131mac\u0131l\u0131k hizmetleri s\u00fcrd\u00fcr\u00fclm\u00fc\u015f olmas\u0131ndan dolay\u0131 bekleme olmadan istenen noktalara nakliyenin ula\u015ft\u0131r\u0131lmas\u0131 yap\u0131lm\u0131\u015f olur. Maksimum i\u015f verimlili\u011fi ile ta\u015f\u0131mac\u0131l\u0131k sekt\u00f6r\u00fcnde yer alarak, m\u00fc\u015fterilerin memnun olaca\u011f\u0131 bir nakliye \u00e7\u00f6z\u00fcm\u00fc sunar.<\/p>\n<p>Nakliyelerin hangi zamanda gitmesi gerekiyorsa, istenen zamanda nakliyenin ula\u015f\u0131m\u0131 yap\u0131lmas\u0131 i\u00e7in titiz bir \u00e7al\u0131\u015fma devreye girmi\u015f olur. K\u0131sacas\u0131 ger\u00e7ekle\u015fmesini istemedi\u011finiz bir\u00e7ok operasyonlarda nakliye firmas\u0131n\u0131n engin deneyimleriyle tamamlanmas\u0131n\u0131 sa\u011flam\u0131\u015f olursunuz.<\/p>\n<p><strong>Karayollar\u0131 Kargo Takibi Yap\u0131l\u0131yor!<\/strong><\/p>\n<p>\u0130\u015fin ehli \u00e7al\u0131\u015fmalar\u0131 ile sekt\u00f6rde fark\u0131n\u0131 ortaya koymay\u0131 ba\u015faran nakliye firmas\u0131n\u0131n, kargo takipleri de ger\u00e7ekle\u015fir. B\u00f6ylelikle Karayollar\u0131nda gitmekte olan nakliyeleriniz nerede, ne zaman ula\u015f\u0131m\u0131 yap\u0131lacak konusunda kargo ile ilgili olarak s\u00fcrekli bilgi teyit edilmi\u015f olunur. \u0130\u015fini en iyi \u015fekilde ger\u00e7ekle\u015ftiren nakliye firmas\u0131 ile art\u0131k yenilik\u00e7i bir nakliyenin \u00f6n planda olmas\u0131n\u0131 sa\u011flars\u0131n\u0131z. \u00dcstelik nakliye ta\u015f\u0131mac\u0131l\u0131\u011f\u0131n\u0131n bir an evvel yap\u0131larak zaman kayb\u0131n\u0131n olu\u015fmas\u0131n\u0131 \u00f6nlemi\u015f olursunuz.<\/p>\n<p>Tedarik i\u015flemleri ger\u00e7ekle\u015ftirilirken \u00e7ok farkl\u0131 \u00e7\u00f6z\u00fcmler sunularak m\u00fc\u015fterinin be\u011fenece\u011fi bir hizmetlerin a\u00e7\u0131\u011fa \u00e7\u0131kmas\u0131 sa\u011flanm\u0131\u015f olunur. Karayollar\u0131 ta\u015f\u0131mac\u0131l\u0131\u011f\u0131 ger\u00e7ekle\u015ftirilirken ger\u00e7ekle\u015fmesi gereken \u015fu hususlar\u0131n d\u0131\u015f\u0131na asla \u00e7\u0131k\u0131lmaz. Bunlar\u0131 \u015fu \u015fekilde s\u0131ralad\u0131\u011f\u0131m\u0131zda;<\/p>\n<p>Y\u00fcklerin teslimat\u0131nda gecikme olmaz<\/p>\n<p>Geni\u015f bir ta\u015f\u0131ma a\u011f\u0131 ile nakliyecilik yap\u0131l\u0131r<\/p>\n<p>Rota esnekli\u011fi imkan\u0131<\/p>\n<p>\u0130stenen y\u00fckte ta\u015f\u0131ma \u00e7\u00f6z\u00fcm\u00fc<\/p>\n<p>gibi konularda da <strong>Karayolu ta\u015f\u0131mac\u0131l\u0131\u011f\u0131 <\/strong>firmas\u0131ndan destek alabilirsiniz. B\u00f6ylece y\u00fckleriniz ne kadar a\u011f\u0131r olursa olsun ta\u015f\u0131nmaya ba\u015flan\u0131r.<\/p>\n<p><strong>G\u00fcvenilir ve H\u0131zl\u0131 Karayolu Lojisti\u011fi<\/strong><\/p>\n<p>G\u00fcvenilir ve istedi\u011finiz h\u0131zda yap\u0131lan Karayolu lojisti\u011fi sayesinde art\u0131k y\u00fcklerinizin ta\u015f\u0131mas\u0131 ile ilgili dert edinmenize gerek kalmaz. Karayollar\u0131nda ta\u015f\u0131mac\u0131l\u0131k yap\u0131l\u0131rken mutlaka trafik kanuna uygun \u015fekilde hareket edilmesi gerekir. Aksi durumda ise istenmeyen sorunlar ortaya \u00e7\u0131kabilir. Bu konuda son derece bilin\u00e7li olan Alpagu Lojistik, nas\u0131l bir ta\u015f\u0131mac\u0131l\u0131k yap\u0131lmas\u0131 gerekti\u011fini bilir ve o \u00f6l\u00e7\u00fcde bir ta\u015f\u0131ma plan\u0131 ger\u00e7ekle\u015ftirir. \u0130stenmeyen sorunlar\u0131 asgariye indirerek kolayca ta\u015f\u0131mac\u0131l\u0131k i\u015flerinin ger\u00e7ekle\u015fmesine yard\u0131mc\u0131 olur.<\/p>\n<p>\u0130stedi\u011finiz zaman zarf\u0131nda art\u0131k ta\u015f\u0131ma hizmetlerinin yerine getirilmesi art\u0131k m\u00fcmk\u00fcnd\u00fcr. \u00c7\u00fcnk\u00fc kaliteli bir hizmet politikas\u0131 ile \u00e7al\u0131\u015fmalar\u0131n\u0131 \u015fekillendiren deneyimli nakliye elemanlar\u0131yla Uluslararas\u0131 ta\u015f\u0131mac\u0131l\u0131k \u00e7al\u0131\u015fmalar\u0131ndan da yararlanabilirsiniz.<\/p>\n<p><strong>Uluslararas\u0131 Karayolu Ta\u015f\u0131mac\u0131l\u0131\u011f\u0131nda Profesyonel Ekip<\/strong><\/p>\n<p>\u015eehir i\u00e7inin aksine Uluslararas\u0131 alanda da ta\u015f\u0131mac\u0131l\u0131\u011f\u0131nda rol g\u00f6steren Alpagu Lojistik, ihtiya\u00e7lar\u0131n\u0131z\u0131 kar\u015f\u0131lamada bir numara. E\u015fya, y\u00fcklerin uzak yerlere gitme gereksinimleri s\u00f6z konusu olsa bile i\u015fini istenen standartlarda yaparak tam zamanl\u0131 bir ula\u015ft\u0131rma kolayl\u0131\u011f\u0131 sa\u011fl\u0131yor. Bu sayede nakliyelerinizde g\u00f6z\u00fcn\u00fcz arkada kalmad\u0131\u011f\u0131 gibi gecikme olmadan \u015fehir d\u0131\u015f\u0131na da g\u00f6t\u00fcr\u00fclmesini sa\u011flam\u0131\u015f oluyorsunuz. Bu ve bunun gibi pek \u00e7ok hizmetleri daha ya\u015fayarak g\u00f6rme f\u0131rsat\u0131na sahip olmak i\u00e7in ileti\u015fime ge\u00e7melisiniz.<\/p>\n<p>&nbsp;<\/p>\n<p>&nbsp;<\/p>\n<p>&nbsp;<\/p>\n","protected":false},"excerpt":{"rendered":"<p>Karayolu Ta\u015f\u0131mac\u0131l\u0131\u011f\u0131 Nas\u0131l Ger\u00e7ekle\u015fir? Karayolu ta\u015f\u0131mac\u0131l\u0131\u011f\u0131 ile her t\u00fcrl\u00fc y\u00fck\u00fcn bir noktadan bir ba\u015fka noktaya ula\u015ft\u0131r\u0131lmas\u0131 yap\u0131l\u0131r. \u015eehir i\u00e7i ve \u015fehir d\u0131\u015f\u0131na olmak \u00fczere farkl\u0131 tip ta\u015f\u0131mac\u0131l\u0131k \u00e7al\u0131\u015fmalar\u0131 bulunur. Ta\u015f\u0131mac\u0131l\u0131k ihtiyac\u0131na sahip olan \u015fah\u0131s ve kurumlar\u0131n, profesyonel ta\u015f\u0131mac\u0131l\u0131k firmas\u0131 taraf\u0131ndan ula\u015ft\u0131r\u0131lmas\u0131 ger\u00e7ekle\u015ftirilmi\u015f olunur. Ta\u015f\u0131mac\u0131l\u0131k sekt\u00f6r\u00fcnde \u00e7ok fazla lojistik \u015firketleri bulunurken, do\u011fru lojistik elemanlar\u0131ndan destek almak<\/p>\n","protected":false},"author":1,"featured_media":0,"parent":0,"menu_order":0,"comment_status":"closed","ping_status":"closed","template":"","meta":{"footnotes":""},"class_list":["post-1314","page","type-page","status-publish","hentry"],"_links":{"self":[{"href":"https:\/\/www.alpagulogistic.com\/en\/wp-json\/wp\/v2\/pages\/1314","targetHints":{"allow":["GET"]}}],"collection":[{"href":"https:\/\/www.alpagulogistic.com\/en\/wp-json\/wp\/v2\/pages"}],"about":[{"href":"https:\/\/www.alpagulogistic.com\/en\/wp-json\/wp\/v2\/types\/page"}],"author":[{"embeddable":true,"href":"https:\/\/www.alpagulogistic.com\/en\/wp-json\/wp\/v2\/users\/1"}],"replies":[{"embeddable":true,"href":"https:\/\/www.alpagulogistic.com\/en\/wp-json\/wp\/v2\/comments?post=1314"}],"version-history":[{"count":0,"href":"https:\/\/www.alpagulogistic.com\/en\/wp-json\/wp\/v2\/pages\/1314\/revisions"}],"wp:attachment":[{"href":"https:\/\/www.alpagulogistic.com\/en\/wp-json\/wp\/v2\/media?parent=1314"}],"curies":[{"name":"wp","href":"https:\/\/api.w.org\/{rel}","templated":true}]}}