{"id":1316,"date":"2021-09-03T15:43:58","date_gmt":"2021-09-03T12:43:58","guid":{"rendered":"http:\/\/www.alpagulogistic.com\/hava-tasimaciligi\/"},"modified":"2021-09-13T11:35:34","modified_gmt":"2021-09-13T08:35:34","slug":"air-freight","status":"publish","type":"page","link":"https:\/\/www.alpagulogistic.com\/en\/air-freight\/","title":{"rendered":"Air Freight"},"content":{"rendered":"<p><strong>Havayolu Ta\u015f\u0131mac\u0131l\u0131\u011f\u0131nda Uzmanla\u015fm\u0131\u015f Alpagu Lojistik Fark\u0131!<\/strong><\/p>\n<p><strong>Havayolu ta\u015f\u0131mac\u0131l\u0131\u011f\u0131<\/strong>, karayolu ve deniz ta\u015f\u0131mac\u0131l\u0131\u011f\u0131 kadar ba\u015fvurulan ta\u015f\u0131mac\u0131l\u0131k y\u00f6ntemlerinden biridir. Standart ta\u015f\u0131mac\u0131l\u0131\u011f\u0131n aksine havayolu ta\u015f\u0131mac\u0131l\u0131\u011f\u0131yla g\u00f6nderilerin daha h\u0131zl\u0131 \u015fekilde ula\u015ft\u0131r\u0131lmas\u0131n\u0131 sa\u011flam\u0131\u015f olursunuz. Havayolu ta\u015f\u0131mac\u0131l\u0131kla ithalat ve ihracatlar\u0131n daha h\u0131zl\u0131 ve verimli \u015fekilde yap\u0131lmas\u0131n\u0131 sa\u011flars\u0131n\u0131z. Y\u00fcksek teknoloji ile ta\u015f\u0131mac\u0131l\u0131k faaliyetini ger\u00e7ekle\u015ftiren Alpagu lojistik ile art\u0131k zamandan tasarruf etmeye ba\u015flayabilirsiniz.<\/p>\n<p><strong>Havayolu Ta\u015f\u0131mac\u0131l\u0131\u011f\u0131yla H\u0131zl\u0131 \u00c7\u00f6z\u00fcm!<\/strong><\/p>\n<p>Havayolu ta\u015f\u0131mac\u0131l\u0131\u011f\u0131yla art\u0131k h\u0131zl\u0131 \u00e7\u00f6z\u00fcme ula\u015facak ve zaman kayb\u0131 yapmam\u0131\u015f olacaks\u0131n\u0131z. Ta\u015f\u0131mac\u0131l\u0131k lideri olarak \u00f6n plana \u00e7\u0131kan Alpagu lojistik, \u00f6zel u\u00e7aklarla nakliyecili\u011fin yap\u0131lmas\u0131n\u0131 sa\u011flar. B\u00f6ylelikle gitmesini istedi\u011finiz noktaya paketlerinizin h\u0131zl\u0131ca ula\u015f\u0131m\u0131 yap\u0131lm\u0131\u015f olur. Pek \u00e7ok konuda maksimum kolayl\u0131k sa\u011flamay\u0131 ba\u015faran profesyonel lojistik firmas\u0131yla art\u0131k nakliye \u00e7al\u0131\u015fmalar\u0131ndan memnun kal\u0131rs\u0131n\u0131z.<\/p>\n<p>G\u00fcvenli \u00f6zel u\u00e7aklar arac\u0131l\u0131\u011f\u0131yla havayolu ta\u015f\u0131mac\u0131l\u0131\u011f\u0131n\u0131n ba\u015far\u0131l\u0131 \u015fekilde ger\u00e7ekle\u015fmesi sa\u011flanm\u0131\u015f olur. Havayolu ta\u015f\u0131mac\u0131l\u0131\u011f\u0131nda da yeterli bir bilgi ve tecr\u00fcbeye sahip olan Alpagu Lojistik ile akl\u0131n\u0131z nakliye \u00e7al\u0131\u015fmalar\u0131nda kalmayacak. \u0130stedi\u011finiz y\u00fcksek teknolojili ve pratik bir ta\u015f\u0131ma hizmetlerinden yararlanmaya ba\u015flayacaks\u0131n\u0131z.<\/p>\n<p><strong>Uluslararas\u0131 Hava Ta\u015f\u0131mac\u0131l\u0131\u011f\u0131nda Maksimum Hizmet<\/strong><\/p>\n<p>Maksimum hizmetleri itinayla sunmaya devam eden lojistik ekibiyle yurt i\u00e7i ve yurt d\u0131\u015f\u0131 t\u00fcm noktalara h\u0131zl\u0131 kargo g\u00f6nderimi yap\u0131lm\u0131\u015f olur. U\u00e7ak kargo konusunda da m\u00fc\u015fterilerinin ho\u015fnut kalaca\u011f\u0131 bir \u00e7al\u0131\u015fmalara imza atm\u0131\u015ft\u0131r. Kargo \u00e7al\u0131\u015fmalar\u0131 \u00e7ok geni\u015f bir yelpazeye ayr\u0131lm\u0131\u015f oldu\u011fundan dolay\u0131 d\u00fcnyan\u0131n her neresine isterseniz de ula\u015f\u0131mlar\u0131n yap\u0131lmas\u0131n\u0131 sa\u011flayabilirsiniz.<\/p>\n<p>Adres konusunda hi\u00e7bir \u015fekilde \u015fa\u015fma olmadan havayolu ta\u015f\u0131mac\u0131l\u0131\u011f\u0131n\u0131n usul\u00fcne en uygun do\u011frultuda bir hizmetin verilmesine dikkat ediliyor. Say\u0131s\u0131z acenta ile i\u015fbirli\u011fi i\u00e7erisinde yer alarak u\u00e7ak kargo \u00e7\u00f6z\u00fcmleriyle m\u00fc\u015fteri gereksinimlerinin s\u0131k\u0131nt\u0131ya girmeden en g\u00fczel \u015fekilde kar\u015f\u0131lanmas\u0131 sa\u011flanm\u0131\u015f oluyor.<\/p>\n<p><strong>Hasars\u0131z, H\u0131zl\u0131, Tam Zamanl\u0131 Kargo Ula\u015f\u0131m<\/strong><\/p>\n<p>Hasar olmadan, h\u0131zl\u0131 ve tam zamanl\u0131 olarak paketlerinizin adrese teslimi yap\u0131l\u0131r: T\u00fcrkiye s\u0131n\u0131r d\u0131\u015f\u0131na da \u00e7\u0131karak istedi\u011finiz \u00fcr\u00fcnlerin g\u00f6t\u00fcr\u00fclmesini sa\u011flayabilirsiniz. Yurt d\u0131\u015f\u0131 odakl\u0131 ba\u011flant\u0131lar\u0131n\u0131z\u0131n da en iyi \u015fekilde yap\u0131lmas\u0131 i\u00e7in profesyonel lojistik firmas\u0131n\u0131n deste\u011fini arkan\u0131zda hissetmeye ba\u015flam\u0131\u015f olursunuz. Y\u00fcksek memnuniyetli bir hizmetlerden yararlanmaya ba\u015flayarak ihtiya\u00e7lar\u0131n\u0131z\u0131n sorunsuzca kar\u015f\u0131lanmas\u0131n\u0131 sa\u011flam\u0131\u015f olacaks\u0131n\u0131z.<\/p>\n<p>M\u00fc\u015fteri iste\u011fine ba\u011fl\u0131 olarak <strong>havayolu ta\u015f\u0131mac\u0131l\u0131\u011f\u0131 <\/strong>\u00e7al\u0131\u015fmalar\u0131nda, \u00fcr\u00fcnlerin kap\u0131dan kap\u0131ya \u015feklinde b\u0131rak\u0131lma durumu s\u00f6z konusudur. \u00dcr\u00fcnlerin kap\u0131ya kadar ula\u015ft\u0131r\u0131lmas\u0131n\u0131 sa\u011flayacak yetkin bir ekibe sahip oldu\u011funu ispatl\u0131yor. \u00c7al\u0131\u015fmalar\u0131nda teknoloji, h\u0131z, tecr\u00fcbe ve yenili\u011fin oldu\u011funu hissettiren Alpagu lojistik hizmetlerinden yararlanabilirsiniz.<\/p>\n<p><strong>Neden Havayolu Ta\u015f\u0131mac\u0131l\u0131\u011f\u0131ndan Yararlan\u0131lmal\u0131?<\/strong><\/p>\n<p>\u00dcr\u00fcnlerin normalden daha acil \u015fekilde ula\u015f\u0131m\u0131 yap\u0131lmas\u0131 gerekti\u011fi durumlarda art\u0131k havayolu ta\u015f\u0131mac\u0131l\u0131\u011f\u0131 \u00e7al\u0131\u015fmalar\u0131na ihtiya\u00e7 duyuluyor. Ta\u015f\u0131mac\u0131l\u0131k se\u00e7enekleri \u00e7ok fazla olurken isteyenlerde kargolar\u0131n\u0131n hava yollu \u015fekilde g\u00f6t\u00fcr\u00fclerek teslim edilmesini sa\u011flayabilirsiniz. Burada karar tamamen \u015fah\u0131s ve firmalara b\u0131rak\u0131l\u0131rken, en g\u00fcvenli \u015fekilde hizmetlerden yararlanman\u0131z i\u00e7in imkanlar sunulur. Birinci kalitede yararlanaca\u011f\u0131n\u0131z ta\u015f\u0131mac\u0131l\u0131k hizmetleriyle art\u0131k teslim konusunda s\u0131k\u0131nt\u0131 ya\u015famam\u0131\u015f olursunuz.<\/p>\n<p>Alpagu lojistik firmas\u0131n\u0131n do\u011fru bir prensiple hizmetlerini sergilemesi sekt\u00f6rdeki fark\u0131n\u0131 daha \u00e7ok \u00f6n plana \u00e7\u0131karmaya ba\u015fl\u0131yor. B\u00f6ylelikle \u00fcr\u00fcn teslimlerinizde aksama, gecikme olmadan gitmesi gereken zamanda teslimat yap\u0131lm\u0131\u015f oluyor.<\/p>\n<p><strong>Havayolu Nakliyesi Hizmetleri Nelerdir?<\/strong><\/p>\n<p>Havayolu nakliyesi i\u00e7erisinde pek \u00e7ok farkl\u0131 \u00e7al\u0131\u015fmalar\u0131n yer ald\u0131\u011f\u0131n\u0131 s\u00f6ylemek m\u00fcmk\u00fcnd\u00fcr. Bir b\u00fct\u00fcn \u015fekilde sunulan nakliyecilik i\u015flemleriyle art\u0131k i\u015finizi seri \u015fekilde halledebilmeye ba\u015flam\u0131\u015f olursunuz. \u00dcr\u00fcnlerin hem g\u00fcvenli hem de h\u0131zl\u0131 \u015fekilde ula\u015ft\u0131r\u0131lmas\u0131 konusunda kesintisiz bir \u015fekilde hizmetler sunulmaya ba\u015fl\u0131yor. Alpagu lojistik taraf\u0131ndan <strong>havayolu ta\u015f\u0131mac\u0131l\u0131\u011f\u0131 <\/strong>hizmetleri verilirken \u015fu \u00e7al\u0131\u015fmalardan yararlanmaya ba\u015flam\u0131\u015f olursunuz;<\/p>\n<p>-Ekonomik fiyatl\u0131 hava yolu ta\u015f\u0131ma hizmetleri<\/p>\n<p>-\u0130stenen noktaya sa\u011f salim \u015fekilde u\u00e7ak kargo g\u00fcvencesi<\/p>\n<p>-Havayolu ta\u015f\u0131mac\u0131l\u0131\u011f\u0131nda da nakliye sigorta deste\u011fi<\/p>\n<p>-Acil kurye taleplerin yerine getirilecek olmas\u0131<\/p>\n<p>-Tehlikeli madde ta\u015f\u0131mac\u0131l\u0131k hizmeti<\/p>\n<p><strong>U\u00e7ak Nakliyesi, Uygun Fiyatl\u0131 Hizmetlerle Kap\u0131n\u0131zda!<\/strong><\/p>\n<p>U\u00e7ak nakliyesi konusunda g\u00fcven veren hizmetlere sahip olan lojistik firmas\u0131, istenen tarihte \u015fa\u015fmadan kap\u0131da teslimatlar\u0131 ger\u00e7ekle\u015ftirir. Standart ta\u015f\u0131nabilecek \u00fcr\u00fcnlerin yan\u0131 s\u0131ra tehlikeli madde ta\u015f\u0131mac\u0131l\u0131\u011f\u0131 konusunda da \u00e7\u00f6z\u00fcmler sunar. K\u0131saca hangi konularda ta\u015f\u0131mac\u0131l\u0131k ihtiyac\u0131 s\u00f6z konusu olursa olsun en iyi \u015fekilde kar\u015f\u0131lanmas\u0131na yard\u0131mc\u0131 olunur. 24 saat boyunca s\u00fcrd\u00fcr\u00fclen nakliye \u00e7al\u0131\u015fmalar\u0131, hava, kara ve denizde olmak \u00fczere farkl\u0131 farkl\u0131 \u015fekillerde ger\u00e7ekle\u015ftiriliyor.<\/p>\n<p>Havayollar\u0131nda da g\u00fcvenli\u011fi elden b\u0131rakmayarak m\u00fc\u015fteri memnuniyeti sa\u011flayacak hizmetlere yer verilmi\u015f oluyor. \u0130leri teknoloji \u0131\u015f\u0131\u011f\u0131nda modern bir u\u00e7ak nakliye \u00e7al\u0131\u015fmalar\u0131 ger\u00e7ekle\u015ftirilmi\u015f oluyor. K\u00fc\u00e7\u00fck ya da b\u00fcy\u00fck \u00e7apl\u0131 \u015fekilde ger\u00e7ekle\u015fmesini istedi\u011finiz bir\u00e7ok nakliye i\u015flemlerinde Alpagu Lojistik kusursuz bir hizmet \u00f6rne\u011fi g\u00f6steriyor. B\u00fct\u00e7e dostu ve kurumsal odakl\u0131 nakliye i\u00e7in uzman ekibin kap\u0131s\u0131n\u0131 \u00e7alabilirsiniz.<\/p>\n<p>&nbsp;<\/p>\n<p>&nbsp;<\/p>\n<p>&nbsp;<\/p>\n","protected":false},"excerpt":{"rendered":"<p>Havayolu Ta\u015f\u0131mac\u0131l\u0131\u011f\u0131nda Uzmanla\u015fm\u0131\u015f Alpagu Lojistik Fark\u0131! Havayolu ta\u015f\u0131mac\u0131l\u0131\u011f\u0131, karayolu ve deniz ta\u015f\u0131mac\u0131l\u0131\u011f\u0131 kadar ba\u015fvurulan ta\u015f\u0131mac\u0131l\u0131k y\u00f6ntemlerinden biridir. Standart ta\u015f\u0131mac\u0131l\u0131\u011f\u0131n aksine havayolu ta\u015f\u0131mac\u0131l\u0131\u011f\u0131yla g\u00f6nderilerin daha h\u0131zl\u0131 \u015fekilde ula\u015ft\u0131r\u0131lmas\u0131n\u0131 sa\u011flam\u0131\u015f olursunuz. Havayolu ta\u015f\u0131mac\u0131l\u0131kla ithalat ve ihracatlar\u0131n daha h\u0131zl\u0131 ve verimli \u015fekilde yap\u0131lmas\u0131n\u0131 sa\u011flars\u0131n\u0131z. Y\u00fcksek teknoloji ile ta\u015f\u0131mac\u0131l\u0131k faaliyetini ger\u00e7ekle\u015ftiren Alpagu lojistik ile art\u0131k zamandan tasarruf etmeye ba\u015flayabilirsiniz.<\/p>\n","protected":false},"author":1,"featured_media":0,"parent":0,"menu_order":0,"comment_status":"closed","ping_status":"closed","template":"","meta":{"footnotes":""},"class_list":["post-1316","page","type-page","status-publish","hentry"],"_links":{"self":[{"href":"https:\/\/www.alpagulogistic.com\/en\/wp-json\/wp\/v2\/pages\/1316","targetHints":{"allow":["GET"]}}],"collection":[{"href":"https:\/\/www.alpagulogistic.com\/en\/wp-json\/wp\/v2\/pages"}],"about":[{"href":"https:\/\/www.alpagulogistic.com\/en\/wp-json\/wp\/v2\/types\/page"}],"author":[{"embeddable":true,"href":"https:\/\/www.alpagulogistic.com\/en\/wp-json\/wp\/v2\/users\/1"}],"replies":[{"embeddable":true,"href":"https:\/\/www.alpagulogistic.com\/en\/wp-json\/wp\/v2\/comments?post=1316"}],"version-history":[{"count":0,"href":"https:\/\/www.alpagulogistic.com\/en\/wp-json\/wp\/v2\/pages\/1316\/revisions"}],"wp:attachment":[{"href":"https:\/\/www.alpagulogistic.com\/en\/wp-json\/wp\/v2\/media?parent=1316"}],"curies":[{"name":"wp","href":"https:\/\/api.w.org\/{rel}","templated":true}]}}